{"id":37,"date":"2025-11-06T07:15:23","date_gmt":"2025-11-06T07:15:23","guid":{"rendered":"https:\/\/tualia.es\/?page_id=37"},"modified":"2025-12-01T10:44:49","modified_gmt":"2025-12-01T10:44:49","slug":"contacto-tualia-habla-con-nuestro-equipo-en-minutos","status":"publish","type":"page","link":"https:\/\/tualia.es\/en\/contacto-tualia-habla-con-nuestro-equipo-en-minutos\/","title":{"rendered":"Contact"},"content":{"rendered":"<div data-elementor-type=\"wp-page\" data-elementor-id=\"37\" class=\"elementor elementor-37\">\n\t\t\t\t<div class=\"elementor-element elementor-element-1e6ab4e7 e-grid e-con-boxed e-con e-parent\" data-id=\"1e6ab4e7\" data-element_type=\"container\" data-settings=\"{&quot;background_background&quot;:&quot;classic&quot;,&quot;position&quot;:&quot;fixed&quot;}\">\n\t\t\t\t\t<div class=\"e-con-inner\">\n\t\t\t\t<div class=\"elementor-element elementor-element-20d35e66 header-logo elementor-widget elementor-widget-image\" data-id=\"20d35e66\" data-element_type=\"widget\" data-widget_type=\"image.default\">\n\t\t\t\t\t\t\t\t\t\t\t\t\t\t\t<img decoding=\"async\" width=\"150\" height=\"150\" src=\"https:\/\/tualia.es\/wp-content\/uploads\/2025\/12\/Logo-sin-fondo-150x150.webp\" class=\"attachment-thumbnail size-thumbnail wp-image-914\" alt=\"logo-tualia\" srcset=\"\" sizes=\"(max-width: 150px) 100vw, 150px\" data-srcset=\"\" \/>\t\t\t\t\t\t\t\t\t\t\t\t\t\t\t<\/div>\n\t\t\t\t<div class=\"elementor-element elementor-element-120f2753 elementor-widget elementor-widget-html\" data-id=\"120f2753\" data-element_type=\"widget\" data-widget_type=\"html.default\">\n\t\t\t\t\t<!-- \u2630 Hamburguesa -->\r\n  <div class=\"menu-toggle\">\r\n    <span><\/span>\r\n    <span><\/span>\r\n    <span><\/span>\r\n  <\/div>\r\n\r\n  <!-- \ud83d\udcbb Men\u00fa de escritorio -->\r\n  <nav class=\"menu-desktop\">\r\n    <a href=\"\/\">Home<\/a>\r\n    <a href=\"\/soluciones-con-agentes-ia-empresas-de-servicios-24-7\">Solutions<\/a>\r\n    <a href=\"\/mejor-tecnologia-de-agentes-ia-para-empresas\">Technology<\/a>\r\n    <a href=\"\/casos-de-exito-con-agentes-ia-avanzados-tualia\">Success Stories<\/a>\r\n    <a href=\"\/empresa-de-agentes-ia-tecnologia-innovadora-2025\">About Us<\/a>\r\n    <a href=\"\/contacto-tualia-habla-con-nuestro-equipo-en-minutos\">Contact<\/a>\r\n  <\/nav>\r\n\r\n  <!-- \ud83d\udcf1 Men\u00fa m\u00f3vil -->\r\n  <nav class=\"menu-mobile\">\r\n    <a href=\"\/\">Home<\/a>\r\n    <a href=\"\/soluciones-con-agentes-ia-empresas-de-servicios-24-7\">Solutions<\/a>\r\n    <a href=\"\/mejor-tecnologia-de-agentes-ia-para-empresas\">Technology<\/a>\r\n    <a href=\"\/casos-de-exito-con-agentes-ia-avanzados-tualia\">Success Stories<\/a>\r\n    <a href=\"\/empresa-de-agentes-ia-tecnologia-innovadora-2025\">About Us<\/a>\r\n    <a href=\"\/contacto-tualia-habla-con-nuestro-equipo-en-minutos\">Contact<\/a>\r\n  <\/nav>\r\n\r\n  <!-- \u274c Bot\u00f3n de cierre del men\u00fa m\u00f3vil -->\r\n  <div class=\"menu-close\">\u2715<\/div>\r\n\r\n<!-- \u2699\ufe0f Script para abrir\/cerrar el men\u00fa m\u00f3vil -->\r\n<script>\r\ndocument.addEventListener(\"DOMContentLoaded\", function () {\r\n  const toggle = document.querySelector(\".menu-toggle\");\r\n  const mobileMenu = document.querySelector(\".menu-mobile\");\r\n  const closeBtn = document.querySelector(\".menu-close\");\r\n\r\n  if (toggle && mobileMenu && closeBtn) {\r\n    \/\/ Abrir men\u00fa al hacer clic en la hamburguesa\r\n    toggle.addEventListener(\"click\", () => {\r\n      toggle.classList.add(\"active\");\r\n      mobileMenu.classList.add(\"active\");\r\n      closeBtn.classList.add(\"visible\");\r\n    });\r\n\r\n    \/\/ Cerrar men\u00fa al hacer clic en la X\r\n    closeBtn.addEventListener(\"click\", () => {\r\n      toggle.classList.remove(\"active\");\r\n      mobileMenu.classList.remove(\"active\");\r\n      closeBtn.classList.remove(\"visible\");\r\n    });\r\n\r\n    \/\/ Cerrar men\u00fa al hacer clic en un enlace\r\n    document.querySelectorAll(\".menu-mobile a\").forEach(link => {\r\n      link.addEventListener(\"click\", () => {\r\n        toggle.classList.remove(\"active\");\r\n        mobileMenu.classList.remove(\"active\");\r\n        closeBtn.classList.remove(\"visible\");\r\n      });\r\n    });\r\n  }\r\n});\r\n<\/script>\t\t\t\t<\/div>\n\t\t\t\t<div class=\"elementor-element elementor-element-31ba5edf header-button elementor-widget elementor-widget-button\" data-id=\"31ba5edf\" data-element_type=\"widget\" data-widget_type=\"button.default\">\n\t\t\t\t\t\t\t\t\t\t<a class=\"elementor-button elementor-button-link elementor-size-sm\" href=\"\/contacto\">\n\t\t\t\t\t\t<span class=\"elementor-button-content-wrapper\">\n\t\t\t\t\t\t\t\t\t<span class=\"elementor-button-text\">Request Demo<\/span>\n\t\t\t\t\t<\/span>\n\t\t\t\t\t<\/a>\n\t\t\t\t\t\t\t\t<\/div>\n\t\t\t\t\t<\/div>\n\t\t\t\t<\/div>\n\t\t<div class=\"elementor-element elementor-element-54dfd4d e-flex e-con-boxed e-con e-parent\" data-id=\"54dfd4d\" data-element_type=\"container\" id=\"form-demo\" data-settings=\"{&quot;background_background&quot;:&quot;classic&quot;}\">\n\t\t\t\t\t<div class=\"e-con-inner\">\n\t\t\t\t<div class=\"elementor-element elementor-element-d3ab38b elementor-widget elementor-widget-heading\" data-id=\"d3ab38b\" data-element_type=\"widget\" data-widget_type=\"heading.default\">\n\t\t\t\t\t<h2 class=\"elementor-heading-title elementor-size-default\">Contact Tualia: we\u2019re here to help you<\/h2>\t\t\t\t<\/div>\n\t\t\t\t<div class=\"elementor-element elementor-element-a500b44 elementor-widget elementor-widget-text-editor\" data-id=\"a500b44\" data-element_type=\"widget\" data-widget_type=\"text-editor.default\">\n\t\t\t\t\t\t\t\t\t<p>If you need more information about our AI agents, want to request a demo, or have questions about how we can improve your business, you can contact Tualia here. We\u2019ll respond as soon as possible with a clear and personalized solution.<\/p>\t\t\t\t\t\t\t\t<\/div>\n\t\t\t\t<div class=\"elementor-element elementor-element-8f09c13 elementor-widget elementor-widget-wpforms\" data-id=\"8f09c13\" data-element_type=\"widget\" data-widget_type=\"wpforms.default\">\n\t\t\t\t<div class=\"elementor-widget-container\">\n\t\t\t\t\t<style id=\"wpforms-css-vars-elementor-widget-8f09c13\">\n\t\t\t\t.elementor-widget-wpforms.elementor-element-8f09c13 {\n\t\t\t\t--wpforms-field-background-color: #FFFFFF;\n--wpforms-field-border-color: #cccccc;\n--wpforms-field-border-color-spare: #cccccc;\n--wpforms-label-color: #FFFFFF;\n--wpforms-label-sublabel-color: #D1D5DB;\n--wpforms-label-error-color: #ff0000;\n--wpforms-button-border-style: solid;\n--wpforms-button-border-radius: 50px;\n--wpforms-button-background-color: #08F7B6;\n--wpforms-button-border-color: #cccccc;\n--wpforms-button-text-color: #0A0A0A;\n--wpforms-page-break-color: #dddddd;\n--wpforms-field-text-color: #005385;\n\t\t\t}\n\t\t\t<\/style><div class=\"wpforms-container wpforms-container-full wpforms-render-modern\" id=\"wpforms-569\"><form id=\"wpforms-form-569\" class=\"wpforms-validate wpforms-form wpforms-ajax-form\" data-formid=\"569\" method=\"post\" enctype=\"multipart\/form-data\" action=\"\/en\/wp-json\/wp\/v2\/pages\/37\" data-token=\"35ba9507717591c93a707355bcd8d6cb\" data-token-time=\"1775904627\" data-trp-original-action=\"\/en\/wp-json\/wp\/v2\/pages\/37\"><noscript class=\"wpforms-error-noscript\">Please enable JavaScript in your browser to complete this form.<\/noscript><div id=\"wpforms-error-noscript\" style=\"display: none;\">Please enable JavaScript in your browser to complete this form.<\/div><div class=\"wpforms-field-container\"><div id=\"wpforms-569-field_1-container\" class=\"wpforms-field wpforms-field-name\" data-field-id=\"1\"><fieldset><legend class=\"wpforms-field-label\">First name <span class=\"wpforms-required-label\" aria-hidden=\"true\">*<\/span><\/legend><div class=\"wpforms-field-row wpforms-field-medium\"><div class=\"wpforms-field-row-block wpforms-first wpforms-one-half\"><input type=\"text\" id=\"wpforms-569-field_1\" class=\"wpforms-field-name-first wpforms-field-required\" name=\"wpforms[fields][1][first]\" aria-errormessage=\"wpforms-569-field_1-error\" required><label for=\"wpforms-569-field_1\" class=\"wpforms-field-sublabel after\">First<\/label><\/div><div class=\"wpforms-field-row-block wpforms-one-half\"><input type=\"text\" id=\"wpforms-569-field_1-last\" class=\"wpforms-field-name-last wpforms-field-required\" name=\"wpforms[fields][1][last]\" aria-errormessage=\"wpforms-569-field_1-last-error\" required><label for=\"wpforms-569-field_1-last\" class=\"wpforms-field-sublabel after\">Last<\/label><\/div><\/div><\/fieldset><\/div><div id=\"wpforms-569-field_2-container\" class=\"wpforms-field wpforms-field-email\" data-field-id=\"2\"><label class=\"wpforms-field-label\" for=\"wpforms-569-field_2\">Email address <span class=\"wpforms-required-label\" aria-hidden=\"true\">*<\/span><\/label><input type=\"email\" id=\"wpforms-569-field_2\" class=\"wpforms-field-medium wpforms-field-required\" name=\"wpforms[fields][2]\" spellcheck=\"false\" aria-errormessage=\"wpforms-569-field_2-error\" required><\/div>\t\t<div id=\"wpforms-569-field_4-container\"\n\t\t\tclass=\"wpforms-field wpforms-field-text\"\n\t\t\tdata-field-type=\"text\"\n\t\t\tdata-field-id=\"4\"\n\t\t\t>\n\t\t\t<label class=\"wpforms-field-label\" for=\"wpforms-569-field_4\" >Comentario Nombre electr\u00f3nico<\/label>\n\t\t\t<input type=\"text\" id=\"wpforms-569-field_4\" class=\"wpforms-field-medium\" name=\"wpforms[fields][4]\" >\n\t\t<\/div>\n\t\t<div id=\"wpforms-569-field_3-container\" class=\"wpforms-field wpforms-field-textarea\" data-field-id=\"3\"><label class=\"wpforms-field-label\" for=\"wpforms-569-field_3\">Comment or message<\/label><textarea id=\"wpforms-569-field_3\" class=\"wpforms-field-medium\" name=\"wpforms[fields][3]\" aria-errormessage=\"wpforms-569-field_3-error\" ><\/textarea><\/div><script>\n\t\t\t\t( function() {\n\t\t\t\t\tconst style = document.createElement( 'style' );\n\t\t\t\t\tstyle.appendChild( document.createTextNode( '#wpforms-569-field_4-container { position: absolute !important; overflow: hidden !important; display: inline !important; height: 1px !important; width: 1px !important; z-index: -1000 !important; padding: 0 !important; } #wpforms-569-field_4-container input { visibility: hidden; } #wpforms-conversational-form-page #wpforms-569-field_4-container label { counter-increment: none; }' ) );\n\t\t\t\t\tdocument.head.appendChild( style );\n\t\t\t\t\tdocument.currentScript?.remove();\n\t\t\t\t} )();\n\t\t\t<\/script><\/div><!-- .wpforms-field-container --><div class=\"wpforms-submit-container\" ><input type=\"hidden\" name=\"wpforms[id]\" value=\"569\"><input type=\"hidden\" name=\"page_title\" value=\"\"><input type=\"hidden\" name=\"page_url\" value=\"https:\/\/tualia.es\/en\/wp-json\/wp\/v2\/pages\/37\"><input type=\"hidden\" name=\"url_referer\" value=\"\"><button type=\"submit\" name=\"wpforms[submit]\" id=\"wpforms-submit-569\" class=\"wpforms-submit\" data-alt-text=\"Enviando...\" data-submit-text=\"Enviar\" aria-live=\"assertive\" value=\"wpforms-submit\">Send<\/button><img decoding=\"async\" src=\"https:\/\/tualia.es\/wp-content\/plugins\/wpforms-lite\/assets\/images\/submit-spin.svg\" class=\"wpforms-submit-spinner\" style=\"display: none;\" width=\"26\" height=\"26\" alt=\"Loading\"><\/div><input type=\"hidden\" name=\"trp-form-language\" value=\"en\"\/><\/form><\/div>  <!-- .wpforms-container -->\t\t\t\t<\/div>\n\t\t\t\t<\/div>\n\t\t\t\t\t<\/div>\n\t\t\t\t<\/div>\n\t\t<div class=\"elementor-element elementor-element-a9ce800 e-flex e-con-boxed e-con e-parent\" data-id=\"a9ce800\" data-element_type=\"container\">\n\t\t\t\t\t<div class=\"e-con-inner\">\n\t\t\t\t<div class=\"elementor-element elementor-element-c873033 elementor-widget elementor-widget-heading\" data-id=\"c873033\" data-element_type=\"widget\" data-widget_type=\"heading.default\">\n\t\t\t\t\t<h2 class=\"elementor-heading-title elementor-size-default\">Why contact Tualia?<\/h2>\t\t\t\t<\/div>\n\t\t\t\t<div class=\"elementor-element elementor-element-7c1ef91 elementor-widget elementor-widget-text-editor\" data-id=\"7c1ef91\" data-element_type=\"widget\" data-widget_type=\"text-editor.default\">\n\t\t\t\t\t\t\t\t\t<p data-start=\"1524\" data-end=\"1888\">At Tualia, we believe in technology with purpose. Every business is unique, which is why we provide personalized attention from the very first moment. When you contact Tualia, we analyze your case, understand your goals, and guide you to discover which type of AI agent can help you save time, automate tasks, and improve the experience of your customers.<\/p><p data-start=\"1890\" data-end=\"2151\">Our experts will advise you on integrations, automation, multichannel support, and all the solutions we offer. We also support you throughout the entire process so you can implement AI in your business easily and without complications.<\/p><hr \/><h3 data-start=\"2153\" data-end=\"2202\">\u00a0<\/h3><h4 style=\"text-align: center;\" data-start=\"2153\" data-end=\"2202\"><strong data-start=\"2157\" data-end=\"2202\">We answer your questions in less than 24 hours<\/strong><\/h4><p data-start=\"2203\" data-end=\"2509\">We know your time is valuable. That\u2019s why when you send a message through Tualia\u2019s contact form, our team reviews your request quickly and responds within a maximum of 24 business hours. We want you to always receive a clear, helpful response tailored to your needs.<\/p>\t\t\t\t\t\t\t\t<\/div>\n\t\t\t\t\t<\/div>\n\t\t\t\t<\/div>\n\t\t<div class=\"elementor-element elementor-element-28dcb28 e-flex e-con-boxed e-con e-parent\" data-id=\"28dcb28\" data-element_type=\"container\" data-settings=\"{&quot;background_background&quot;:&quot;gradient&quot;}\">\n\t\t\t\t\t<div class=\"e-con-inner\">\n\t\t\t\t<div class=\"elementor-element elementor-element-c529ec6 elementor-widget elementor-widget-google_maps\" data-id=\"c529ec6\" data-element_type=\"widget\" data-widget_type=\"google_maps.default\">\n\t\t\t\t\t\t\t<div class=\"elementor-custom-embed\">\n\t\t\t<iframe loading=\"lazy\"\n\t\t\t\t\tsrc=\"https:\/\/maps.google.com\/maps?q=Ibi%2C%20Alicante&#038;t=m&#038;z=11&#038;output=embed&#038;iwloc=near\"\n\t\t\t\t\ttitle=\"Ibi, Alicante\"\n\t\t\t\t\taria-label=\"Ibi, Alicante\"\n\t\t\t><\/iframe>\n\t\t<\/div>\n\t\t\t\t\t\t<\/div>\n\t\t\t\t\t<\/div>\n\t\t\t\t<\/div>\n\t\t<div class=\"elementor-element elementor-element-9c4748a e-flex e-con-boxed e-con e-parent\" data-id=\"9c4748a\" data-element_type=\"container\" data-settings=\"{&quot;background_background&quot;:&quot;gradient&quot;}\">\n\t\t\t\t\t<div class=\"e-con-inner\">\n\t\t\t\t<div class=\"elementor-element elementor-element-ad2da72 elementor-widget elementor-widget-heading\" data-id=\"ad2da72\" data-element_type=\"widget\" data-widget_type=\"heading.default\">\n\t\t\t\t\t<h2 class=\"elementor-heading-title elementor-size-default\">Ready to transform your business with artificial intelligence?<\/h2>\t\t\t\t<\/div>\n\t\t\t\t<div class=\"elementor-element elementor-element-11e3715 elementor-widget elementor-widget-text-editor\" data-id=\"11e3715\" data-element_type=\"widget\" data-widget_type=\"text-editor.default\">\n\t\t\t\t\t\t\t\t\t<p>Request your free demo and discover how AI can boost your company\u2019s efficiency and productivity.<\/p>\t\t\t\t\t\t\t\t<\/div>\n\t\t\t\t<div class=\"elementor-element elementor-element-6eaa0b3 elementor-widget elementor-widget-button\" data-id=\"6eaa0b3\" data-element_type=\"widget\" data-widget_type=\"button.default\">\n\t\t\t\t\t\t\t\t\t\t<a class=\"elementor-button elementor-button-link elementor-size-sm\" href=\"#form-demo\">\n\t\t\t\t\t\t<span class=\"elementor-button-content-wrapper\">\n\t\t\t\t\t\t\t\t\t<span class=\"elementor-button-text\">Request your free demo<\/span>\n\t\t\t\t\t<\/span>\n\t\t\t\t\t<\/a>\n\t\t\t\t\t\t\t\t<\/div>\n\t\t\t\t\t<\/div>\n\t\t\t\t<\/div>\n\t\t<div class=\"elementor-element elementor-element-e9753df e-flex e-con-boxed e-con e-parent\" data-id=\"e9753df\" data-element_type=\"container\">\n\t\t\t\t\t<div class=\"e-con-inner\">\n\t\t\t\t<div class=\"elementor-element elementor-element-aa71c43 elementor-widget elementor-widget-html\" data-id=\"aa71c43\" data-element_type=\"widget\" data-widget_type=\"html.default\">\n\t\t\t\t\t<script type=\"application\/ld+json\">\r\n{\r\n  \"@context\": \"https:\/\/schema.org\",\r\n  \"@type\": \"FAQPage\",\r\n  \"mainEntity\": [\r\n    {\r\n      \"@type\": \"Question\",\r\n      \"name\": \"\u00bfC\u00f3mo puedo contactar con Tualia?\",\r\n      \"acceptedAnswer\": {\r\n        \"@type\": \"Answer\",\r\n        \"text\": \"Puedes contactar con Tualia mediante el formulario de contacto, correo electr\u00f3nico o WhatsApp para resolver dudas o solicitar una demo.\"\r\n      }\r\n    },\r\n    {\r\n      \"@type\": \"Question\",\r\n      \"name\": \"\u00bfEn qu\u00e9 horario atend\u00e9is?\",\r\n      \"acceptedAnswer\": {\r\n        \"@type\": \"Answer\",\r\n        \"text\": \"Atendemos principalmente en horario de oficina, aunque los agentes IA funcionan 24\/7 para gestionar solicitudes de clientes.\"\r\n      }\r\n    },\r\n    {\r\n      \"@type\": \"Question\",\r\n      \"name\": \"\u00bfPuedo solicitar una demostraci\u00f3n gratuita?\",\r\n      \"acceptedAnswer\": {\r\n        \"@type\": \"Answer\",\r\n        \"text\": \"S\u00ed. Puedes solicitar una demo gratuita desde el formulario y te mostraremos c\u00f3mo un agente IA puede automatizar tareas de tu negocio.\"\r\n      }\r\n    }\r\n  ]\r\n}\r\n<\/script>\r\n\t\t\t\t<\/div>\n\t\t\t\t\t<\/div>\n\t\t\t\t<\/div>\n\t\t<div class=\"elementor-element elementor-element-410ca2f9 e-grid e-con-boxed e-con e-parent\" data-id=\"410ca2f9\" data-element_type=\"container\" data-settings=\"{&quot;background_background&quot;:&quot;gradient&quot;}\">\n\t\t\t\t\t<div class=\"e-con-inner\">\n\t\t<div class=\"elementor-element elementor-element-7ee36a92 e-con-full e-flex e-con e-child\" data-id=\"7ee36a92\" data-element_type=\"container\">\n\t\t\t\t<div class=\"elementor-element elementor-element-30ed35c elementor-widget elementor-widget-image\" data-id=\"30ed35c\" data-element_type=\"widget\" data-widget_type=\"image.default\">\n\t\t\t\t\t\t\t\t\t\t\t\t<figure class=\"wp-caption\">\n\t\t\t\t\t\t\t\t\t\t<img decoding=\"async\" width=\"150\" height=\"150\" src=\"https:\/\/tualia.es\/wp-content\/uploads\/2025\/12\/Logo-sin-fondo-150x150.webp\" class=\"attachment-thumbnail size-thumbnail wp-image-914\" alt=\"logo-tualia\" srcset=\"\" sizes=\"(max-width: 150px) 100vw, 150px\" data-srcset=\"\" \/>\t\t\t\t\t\t\t\t\t\t\t<figcaption class=\"widget-image-caption wp-caption-text\">Digital agents that automate processes, improve customer service, and increase your sales.<\/figcaption>\n\t\t\t\t\t\t\t\t\t\t<\/figure>\n\t\t\t\t\t\t\t\t\t<\/div>\n\t\t\t\t<\/div>\n\t\t<div class=\"elementor-element elementor-element-78c39af5 e-con-full e-flex e-con e-child\" data-id=\"78c39af5\" data-element_type=\"container\">\n\t\t\t\t<div class=\"elementor-element elementor-element-6c047faf elementor-widget elementor-widget-heading\" data-id=\"6c047faf\" data-element_type=\"widget\" data-widget_type=\"heading.default\">\n\t\t\t\t\t<h2 class=\"elementor-heading-title elementor-size-default\">Links<\/h2>\t\t\t\t<\/div>\n\t\t\t\t<div class=\"elementor-element elementor-element-68a50e4 elementor-widget elementor-widget-text-editor\" data-id=\"68a50e4\" data-element_type=\"widget\" data-widget_type=\"text-editor.default\">\n\t\t\t\t\t\t\t\t\t<p><a href=\"\/\">Home<\/a> <br \/><a href=\"\/soluciones-con-agentes-ia-empresas-de-servicios-24-7\/\">Solutions<\/a> <br \/><a href=\"\/mejor-tecnologia-de-agentes-ia-para-empresas\/\">Technology<\/a> <br \/><a href=\"\/casos-de-exito-con-agentes-ia-avanzados-tualia\">Success Stories<\/a> <br \/><a href=\"\/empresa-de-agentes-ia-tecnologia-innovadora-2025\">About Us<\/a> <br \/><a href=\"\/contacto-tualia-habla-con-nuestro-equipo-en-minutos\">Contact<\/a><\/p>\t\t\t\t\t\t\t\t<\/div>\n\t\t\t\t<\/div>\n\t\t<div class=\"elementor-element elementor-element-2ea97649 e-con-full e-flex e-con e-child\" data-id=\"2ea97649\" data-element_type=\"container\">\n\t\t\t\t<div class=\"elementor-element elementor-element-4154ecf8 elementor-widget elementor-widget-heading\" data-id=\"4154ecf8\" data-element_type=\"widget\" data-widget_type=\"heading.default\">\n\t\t\t\t\t<h2 class=\"elementor-heading-title elementor-size-default\">Contact<\/h2>\t\t\t\t<\/div>\n\t\t\t\t<div class=\"elementor-element elementor-element-675d3f23 elementor-widget elementor-widget-text-editor\" data-id=\"675d3f23\" data-element_type=\"widget\" data-widget_type=\"text-editor.default\">\n\t\t\t\t\t\t\t\t\t<p>borjawebbuilder@gmail.com<\/p><p>Ibi, Alicante<\/p>\t\t\t\t\t\t\t\t<\/div>\n\t\t\t\t<div class=\"elementor-element elementor-element-17e7952a e-grid-align-right e-grid-align-mobile-center elementor-shape-rounded elementor-grid-0 elementor-widget elementor-widget-social-icons\" data-id=\"17e7952a\" data-element_type=\"widget\" data-widget_type=\"social-icons.default\">\n\t\t\t\t\t\t\t<div class=\"elementor-social-icons-wrapper elementor-grid\" role=\"list\">\n\t\t\t\t\t\t\t<span class=\"elementor-grid-item\" role=\"listitem\">\n\t\t\t\t\t<a class=\"elementor-icon elementor-social-icon elementor-social-icon-facebook elementor-repeater-item-652b58b\" href=\"https:\/\/www.facebook.com\/share\/1BUBivcFUd\/\" target=\"_blank\" rel=\"noopener\">\n\t\t\t\t\t\t<span class=\"elementor-screen-only\">Facebook<\/span>\n\t\t\t\t\t\t<svg aria-hidden=\"true\" class=\"e-font-icon-svg e-fab-facebook\" viewbox=\"0 0 512 512\" xmlns=\"http:\/\/www.w3.org\/2000\/svg\"><path d=\"M504 256C504 119 393 8 256 8S8 119 8 256c0 123.78 90.69 226.38 209.25 245V327.69h-63V256h63v-54.64c0-62.15 37-96.48 93.67-96.48 27.14 0 55.52 4.84 55.52 4.84v61h-31.28c-30.8 0-40.41 19.12-40.41 38.73V256h68.78l-11 71.69h-57.78V501C413.31 482.38 504 379.78 504 256z\"><\/path><\/svg>\t\t\t\t\t<\/a>\n\t\t\t\t<\/span>\n\t\t\t\t\t\t\t<span class=\"elementor-grid-item\" role=\"listitem\">\n\t\t\t\t\t<a class=\"elementor-icon elementor-social-icon elementor-social-icon-instagram elementor-repeater-item-fb9a031\" href=\"https:\/\/www.instagram.com\/tualia.es?igsh=b2N3aXQ4dm1mbW13\" target=\"_blank\">\n\t\t\t\t\t\t<span class=\"elementor-screen-only\">Instagram<\/span>\n\t\t\t\t\t\t<svg aria-hidden=\"true\" class=\"e-font-icon-svg e-fab-instagram\" viewbox=\"0 0 448 512\" xmlns=\"http:\/\/www.w3.org\/2000\/svg\"><path d=\"M224.1 141c-63.6 0-114.9 51.3-114.9 114.9s51.3 114.9 114.9 114.9S339 319.5 339 255.9 287.7 141 224.1 141zm0 189.6c-41.1 0-74.7-33.5-74.7-74.7s33.5-74.7 74.7-74.7 74.7 33.5 74.7 74.7-33.6 74.7-74.7 74.7zm146.4-194.3c0 14.9-12 26.8-26.8 26.8-14.9 0-26.8-12-26.8-26.8s12-26.8 26.8-26.8 26.8 12 26.8 26.8zm76.1 27.2c-1.7-35.9-9.9-67.7-36.2-93.9-26.2-26.2-58-34.4-93.9-36.2-37-2.1-147.9-2.1-184.9 0-35.8 1.7-67.6 9.9-93.9 36.1s-34.4 58-36.2 93.9c-2.1 37-2.1 147.9 0 184.9 1.7 35.9 9.9 67.7 36.2 93.9s58 34.4 93.9 36.2c37 2.1 147.9 2.1 184.9 0 35.9-1.7 67.7-9.9 93.9-36.2 26.2-26.2 34.4-58 36.2-93.9 2.1-37 2.1-147.8 0-184.8zM398.8 388c-7.8 19.6-22.9 34.7-42.6 42.6-29.5 11.7-99.5 9-132.1 9s-102.7 2.6-132.1-9c-19.6-7.8-34.7-22.9-42.6-42.6-11.7-29.5-9-99.5-9-132.1s-2.6-102.7 9-132.1c7.8-19.6 22.9-34.7 42.6-42.6 29.5-11.7 99.5-9 132.1-9s102.7-2.6 132.1 9c19.6 7.8 34.7 22.9 42.6 42.6 11.7 29.5 9 99.5 9 132.1s2.7 102.7-9 132.1z\"><\/path><\/svg>\t\t\t\t\t<\/a>\n\t\t\t\t<\/span>\n\t\t\t\t\t<\/div>\n\t\t\t\t\t\t<\/div>\n\t\t\t\t<\/div>\n\t\t\t\t\t<\/div>\n\t\t\t\t<\/div>\n\t\t<div class=\"elementor-element elementor-element-f847db5 e-flex e-con-boxed e-con e-parent\" data-id=\"f847db5\" data-element_type=\"container\">\n\t\t\t\t\t<div class=\"e-con-inner\">\n\t\t\t\t<div class=\"elementor-element elementor-element-17a94f9 elementor-widget elementor-widget-text-editor\" data-id=\"17a94f9\" data-element_type=\"widget\" data-widget_type=\"text-editor.default\">\n\t\t\t\t\t\t\t\t\t<p>\u00a9 2025 TUALIA \u00b7 All rights reserved.<\/p><p><a href=\"\/politica-de-privacidad\">Privacy Policy<\/a><\/p>\t\t\t\t\t\t\t\t<\/div>\n\t\t\t\t\t<\/div>\n\t\t\t\t<\/div>\n\t\t\t\t<\/div>","protected":false},"excerpt":{"rendered":"<p>Inicio Soluciones Tecnolog\u00eda Casos de \u00c9xito Sobre Nosotros Contacto Inicio Soluciones Tecnolog\u00eda Casos de \u00c9xito Sobre Nosotros Contacto \u2715 Solicitar demo Contacto Tualia: estamos aqu\u00ed para ayudarte Si necesitas m\u00e1s informaci\u00f3n sobre nuestros agentes IA, deseas solicitar una demo o tienes dudas sobre c\u00f3mo podemos mejorar tu negocio, aqu\u00ed puedes ponerte en contacto con Tualia. [&hellip;]<\/p>","protected":false},"author":1,"featured_media":0,"parent":0,"menu_order":0,"comment_status":"closed","ping_status":"closed","template":"","meta":{"_joinchat":[],"footnotes":""},"class_list":["post-37","page","type-page","status-publish","hentry"],"_links":{"self":[{"href":"https:\/\/tualia.es\/en\/wp-json\/wp\/v2\/pages\/37","targetHints":{"allow":["GET"]}}],"collection":[{"href":"https:\/\/tualia.es\/en\/wp-json\/wp\/v2\/pages"}],"about":[{"href":"https:\/\/tualia.es\/en\/wp-json\/wp\/v2\/types\/page"}],"author":[{"embeddable":true,"href":"https:\/\/tualia.es\/en\/wp-json\/wp\/v2\/users\/1"}],"replies":[{"embeddable":true,"href":"https:\/\/tualia.es\/en\/wp-json\/wp\/v2\/comments?post=37"}],"version-history":[{"count":46,"href":"https:\/\/tualia.es\/en\/wp-json\/wp\/v2\/pages\/37\/revisions"}],"predecessor-version":[{"id":1010,"href":"https:\/\/tualia.es\/en\/wp-json\/wp\/v2\/pages\/37\/revisions\/1010"}],"wp:attachment":[{"href":"https:\/\/tualia.es\/en\/wp-json\/wp\/v2\/media?parent=37"}],"curies":[{"name":"wp","href":"https:\/\/api.w.org\/{rel}","templated":true}]}}